{"id":6443,"date":"2021-10-05T13:05:24","date_gmt":"2021-10-05T13:05:24","guid":{"rendered":"https:\/\/themepanthers.com\/wp\/creote\/v-new\/?page_id=10"},"modified":"2024-09-20T17:50:07","modified_gmt":"2024-09-20T20:50:07","slug":"about-us","status":"publish","type":"page","link":"https:\/\/tecnoserra.com\/?page_id=6443","title":{"rendered":"Sobre N\u00f3s"},"content":{"rendered":"\t\t<div data-elementor-type=\"wp-page\" data-elementor-id=\"6443\" class=\"elementor elementor-6443\">\n\t\t\t\t\t\t<section class=\"elementor-section elementor-top-section elementor-element elementor-element-0a7202d elementor-section-boxed elementor-section-height-default elementor-section-height-default\" data-id=\"0a7202d\" data-element_type=\"section\">\n\t\t\t\t\t\t<div class=\"elementor-container elementor-column-gap-default\">\n\t\t\t\t\t<div class=\"elementor-column elementor-col-50 elementor-top-column elementor-element elementor-element-55138ff\" data-id=\"55138ff\" data-element_type=\"column\">\n\t\t\t<div class=\"elementor-widget-wrap elementor-element-populated\">\n\t\t\t\t\t\t<div class=\"elementor-element elementor-element-5d44b56 elementor-widget elementor-widget-creote-title-v1\" data-id=\"5d44b56\" data-element_type=\"widget\" data-widget_type=\"creote-title-v1.default\">\n\t\t\t\t<div class=\"elementor-widget-container\">\n\t\t\t<div class=\"title_all_box style_one dark_color\">\r\n            <!-- Default title style -->\r\n        <div class=\"title_sections left\">\r\n                            <div class=\"before_title\">\r\n                    Ol\u00e1, seja bem-vindo(a) \u00e0                <\/div>\r\n                                        <div class=\"title\">\r\n                    Tecnoserra                <\/div>\r\n                                <\/div>\r\n        <!-- End of default title style -->\r\n\r\n    <\/div>\r\n\t\t<\/div>\n\t\t\t\t<\/div>\n\t\t\t\t<div class=\"elementor-element elementor-element-d1c92db elementor-widget elementor-widget-creote-description-v1\" data-id=\"d1c92db\" data-element_type=\"widget\" data-widget_type=\"creote-description-v1.default\">\n\t\t\t\t<div class=\"elementor-widget-container\">\n\t\t\t<div class=\"description_box\" >  <p>A TECNOSERRA atua no ramo de serras circulares de metal duro \u00e0 mais de 25 anos, hoje tamb\u00e9m atuamos no segmento aos convertedores de papel tissue, adquirindo ao longo desses anos, larga experiencia no que se refere \u00e0 cortes, teremos sempre a solu\u00e7\u00e3o certa para cada cliente.<\/p> <\/div>\r\n\t\t<\/div>\n\t\t\t\t<\/div>\n\t\t\t\t<div class=\"elementor-element elementor-element-3327177 elementor-widget elementor-widget-creote-themebtns-v1\" data-id=\"3327177\" data-element_type=\"widget\" data-widget_type=\"creote-themebtns-v1.default\">\n\t\t\t\t<div class=\"elementor-widget-container\">\n\t\t\t<div class=\"theme_btn_all color_one\">  <a href=\"https:\/\/tecnoserra.com\/?page_id=10\"  target=&quot;_blank&quot;  rel=&quot;nofollow&quot; class=\"theme-btn one\"> Conhe\u00e7a nossos produtos <\/a> <\/div>\r\n\t\t<\/div>\n\t\t\t\t<\/div>\n\t\t\t\t\t<\/div>\n\t\t<\/div>\n\t\t\t\t<div class=\"elementor-column elementor-col-50 elementor-top-column elementor-element elementor-element-bfd1edc\" data-id=\"bfd1edc\" data-element_type=\"column\">\n\t\t\t<div class=\"elementor-widget-wrap elementor-element-populated\">\n\t\t\t\t\t\t<div class=\"elementor-element elementor-element-a9fb537 elementor-widget elementor-widget-creote-image-box-v1\" data-id=\"a9fb537\" data-element_type=\"widget\" data-widget_type=\"creote-image-box-v1.default\">\n\t\t\t\t<div class=\"elementor-widget-container\">\n\t\t\t<div class=\"image_boxes style_two\" >  <img decoding=\"async\" src=\"https:\/\/tecnoserra.com\/wp-content\/plugins\/creote-addons\/\/assets\/images\/shape-1.png\" class=\"background_image\" alt=\"image\" \/>   <div class=\"image one\"> <img decoding=\"async\" src=\"https:\/\/tecnoserra.com\/wp-content\/uploads\/2024\/09\/Design-sem-nome-2.png\" class=\"img-fluid\" alt=\"Tecnoserra\" \/> <\/div>   <div class=\"image two\"> <img decoding=\"async\" src=\"https:\/\/tecnoserra.com\/wp-content\/uploads\/2024\/09\/tecnoserra.png\" class=\"img\" alt=\"tecnoserra\" \/>  <div class=\"video_box\"> <a href=\"https:\/\/www.youtube.com\/watch?v=ZbkDLSD5a_o\" class=\"lightbox-image\"><i class=\"icon-play\"><\/i><\/a> <\/div>  <\/div>   <div class=\"authour_quotes\"> <i class=\"icon-quote\"><\/i> <h6> 25 anos de Qualidade e Tradi\u00e7\u00e3o<\/h6> <p> Tecnoserra<\/p> <\/div> <\/div> \r\n\t\t<\/div>\n\t\t\t\t<\/div>\n\t\t\t\t\t<\/div>\n\t\t<\/div>\n\t\t\t\t\t<\/div>\n\t\t<\/section>\n\t\t\t\t<section class=\"elementor-section elementor-top-section elementor-element elementor-element-562b721 elementor-section-boxed elementor-section-height-default elementor-section-height-default\" data-id=\"562b721\" data-element_type=\"section\" data-settings=\"{&quot;background_background&quot;:&quot;classic&quot;}\">\n\t\t\t\t\t\t<div class=\"elementor-container elementor-column-gap-default\">\n\t\t\t\t\t<div class=\"elementor-column elementor-col-100 elementor-top-column elementor-element elementor-element-8e9c1fb\" data-id=\"8e9c1fb\" data-element_type=\"column\">\n\t\t\t<div class=\"elementor-widget-wrap elementor-element-populated\">\n\t\t\t\t\t\t<div class=\"elementor-element elementor-element-1e9f9ad elementor-widget elementor-widget-creote-title-v1\" data-id=\"1e9f9ad\" data-element_type=\"widget\" data-widget_type=\"creote-title-v1.default\">\n\t\t\t\t<div class=\"elementor-widget-container\">\n\t\t\t<div class=\"title_all_box style_one dark_color\">\r\n            <!-- Default title style -->\r\n        <div class=\"title_sections center\">\r\n                            <div class=\"before_title\">\r\n                    Nossos prop\u00f3sitos e diferenciais                <\/div>\r\n                                        <div class=\"title\">\r\n                    Serras circulares de metal duro                <\/div>\r\n                                <\/div>\r\n        <!-- End of default title style -->\r\n\r\n    <\/div>\r\n\t\t<\/div>\n\t\t\t\t<\/div>\n\t\t\t\t<section class=\"elementor-section elementor-inner-section elementor-element elementor-element-fe36003 elementor-section-full_width elementor-section-height-default elementor-section-height-default\" data-id=\"fe36003\" data-element_type=\"section\">\n\t\t\t\t\t\t<div class=\"elementor-container elementor-column-gap-default\">\n\t\t\t\t\t<div class=\"elementor-column elementor-col-33 elementor-inner-column elementor-element elementor-element-3e5e5fb\" data-id=\"3e5e5fb\" data-element_type=\"column\">\n\t\t\t<div class=\"elementor-widget-wrap elementor-element-populated\">\n\t\t\t\t\t\t<div class=\"elementor-element elementor-element-a1307b9 elementor-widget elementor-widget-creote-iconbox-v1\" data-id=\"a1307b9\" data-element_type=\"widget\" data-widget_type=\"creote-iconbox-v1.default\">\n\t\t\t\t<div class=\"elementor-widget-container\">\n\t\t\t<div class=\"icon_box_all style_three\" \r\n     \r\n        data-aos=\"fade-up\" data-aos-delay=\"0\" data-aos-offset=\"0\" \r\n    >\r\n\r\n            <div class=\"icon_content \">\r\n                            <div class=\"icon\">\r\n                    <span class=\"fa fa-user-circle\"><\/span>\r\n                <\/div>\r\n                        <div class=\"txt_content\">\r\n                                  <h2 class=\"icontitle\">\r\n                                              <a href=\"#\"  target=&quot;_blank&quot;  rel=&quot;nofollow&quot;>\r\n                                Experi\u00eancia e T\u00e9cnica                            <\/a>\r\n                                                <\/h2>\r\n                                                    <p>\r\n                        Com mais de um quarto de s\u00e9culo de atua\u00e7\u00e3o, acumulamos um vasto conhecimento t\u00e9cnico que nos permite entender profundamente as necessidades de nossos clientes. Nossa equipe \u00e9 composta por especialistas altamente qualificados, prontos para oferecer a solu\u00e7\u00e3o ideal para cada tipo de corte, seja em metal duro ou papel tissue.                    <\/p>\r\n                                                            <\/div>\r\n        <\/div>\r\n\r\n    <\/div>\r\n\t\t<\/div>\n\t\t\t\t<\/div>\n\t\t\t\t\t<\/div>\n\t\t<\/div>\n\t\t\t\t<div class=\"elementor-column elementor-col-33 elementor-inner-column elementor-element elementor-element-f0b5114\" data-id=\"f0b5114\" data-element_type=\"column\">\n\t\t\t<div class=\"elementor-widget-wrap elementor-element-populated\">\n\t\t\t\t\t\t<div class=\"elementor-element elementor-element-cc66363 elementor-widget elementor-widget-creote-iconbox-v1\" data-id=\"cc66363\" data-element_type=\"widget\" data-widget_type=\"creote-iconbox-v1.default\">\n\t\t\t\t<div class=\"elementor-widget-container\">\n\t\t\t<div class=\"icon_box_all style_three\" \r\n     \r\n        data-aos=\"fade-up\" data-aos-delay=\"0\" data-aos-offset=\"0\" \r\n    >\r\n\r\n            <div class=\"icon_content \">\r\n                            <div class=\"icon\">\r\n                    <span class=\" icon-growth\"><\/span>\r\n                <\/div>\r\n                        <div class=\"txt_content\">\r\n                                  <h2 class=\"icontitle\">\r\n                                              <a href=\"#\"  target=&quot;_blank&quot;  rel=&quot;nofollow&quot;>\r\n                                Qualidade e Precis\u00e3o                            <\/a>\r\n                                                <\/h2>\r\n                                                    <p>\r\n                        Nossos produtos s\u00e3o sin\u00f4nimos de qualidade e precis\u00e3o. Utilizamos materiais de alta performance e tecnologias avan\u00e7adas para garantir que cada serra circular e cada conversor de papel tissue atenda aos mais rigorosos padr\u00f5es de efici\u00eancia e durabilidade. A TECNOSERRA se orgulha de entregar ferramentas que proporcionam cortes limpos e precisos, otimizando os processos produtivos de nossos clientes.                    <\/p>\r\n                                                            <\/div>\r\n        <\/div>\r\n\r\n    <\/div>\r\n\t\t<\/div>\n\t\t\t\t<\/div>\n\t\t\t\t\t<\/div>\n\t\t<\/div>\n\t\t\t\t<div class=\"elementor-column elementor-col-33 elementor-inner-column elementor-element elementor-element-6967ad5\" data-id=\"6967ad5\" data-element_type=\"column\">\n\t\t\t<div class=\"elementor-widget-wrap elementor-element-populated\">\n\t\t\t\t\t\t<div class=\"elementor-element elementor-element-47600fb elementor-widget elementor-widget-creote-iconbox-v1\" data-id=\"47600fb\" data-element_type=\"widget\" data-widget_type=\"creote-iconbox-v1.default\">\n\t\t\t\t<div class=\"elementor-widget-container\">\n\t\t\t<div class=\"icon_box_all style_three\" \r\n     \r\n        data-aos=\"fade-up\" data-aos-delay=\"0\" data-aos-offset=\"0\" \r\n    >\r\n\r\n            <div class=\"icon_content \">\r\n                            <div class=\"icon\">\r\n                    <span class=\" icon-binoculars\"><\/span>\r\n                <\/div>\r\n                        <div class=\"txt_content\">\r\n                                  <h2 class=\"icontitle\">\r\n                                              <a href=\"#\"  target=&quot;_blank&quot;  rel=&quot;nofollow&quot;>\r\n                                Inova\u00e7\u00e3o Constante                            <\/a>\r\n                                                <\/h2>\r\n                                                    <p>\r\n                        A inova\u00e7\u00e3o \u00e9 um dos pilares da TECNOSERRA. Investimos continuamente em pesquisa e desenvolvimento para trazer ao mercado produtos que incorporam as mais recentes tecnologias. Nosso objetivo \u00e9 antecipar as tend\u00eancias e necessidades do setor, oferecendo solu\u00e7\u00f5es que aumentem a produtividade e a efici\u00eancia de nossos clientes.                    <\/p>\r\n                                                            <\/div>\r\n        <\/div>\r\n\r\n    <\/div>\r\n\t\t<\/div>\n\t\t\t\t<\/div>\n\t\t\t\t\t<\/div>\n\t\t<\/div>\n\t\t\t\t\t<\/div>\n\t\t<\/section>\n\t\t\t\t\t<\/div>\n\t\t<\/div>\n\t\t\t\t\t<\/div>\n\t\t<\/section>\n\t\t\t\t<\/div>\n\t\t","protected":false},"excerpt":{"rendered":"<p>Ol\u00e1, seja bem-vindo(a) \u00e0 Tecnoserra A TECNOSERRA atua no ramo de serras circulares de metal duro \u00e0 mais de 25 anos, hoje tamb\u00e9m atuamos no segmento aos convertedores de papel tissue, adquirindo ao longo desses anos, larga experiencia no que se refere \u00e0 cortes, teremos sempre a solu\u00e7\u00e3o certa para cada cliente. Conhe\u00e7a nossos produtos [&hellip;]<\/p>\n","protected":false},"author":1,"featured_media":0,"parent":0,"menu_order":0,"comment_status":"closed","ping_status":"closed","template":"template-fullwidth.php","meta":{"footnotes":""},"class_list":["post-6443","page","type-page","status-publish","hentry"],"_links":{"self":[{"href":"https:\/\/tecnoserra.com\/index.php?rest_route=\/wp\/v2\/pages\/6443","targetHints":{"allow":["GET"]}}],"collection":[{"href":"https:\/\/tecnoserra.com\/index.php?rest_route=\/wp\/v2\/pages"}],"about":[{"href":"https:\/\/tecnoserra.com\/index.php?rest_route=\/wp\/v2\/types\/page"}],"author":[{"embeddable":true,"href":"https:\/\/tecnoserra.com\/index.php?rest_route=\/wp\/v2\/users\/1"}],"replies":[{"embeddable":true,"href":"https:\/\/tecnoserra.com\/index.php?rest_route=%2Fwp%2Fv2%2Fcomments&post=6443"}],"version-history":[{"count":14,"href":"https:\/\/tecnoserra.com\/index.php?rest_route=\/wp\/v2\/pages\/6443\/revisions"}],"predecessor-version":[{"id":6763,"href":"https:\/\/tecnoserra.com\/index.php?rest_route=\/wp\/v2\/pages\/6443\/revisions\/6763"}],"wp:attachment":[{"href":"https:\/\/tecnoserra.com\/index.php?rest_route=%2Fwp%2Fv2%2Fmedia&parent=6443"}],"curies":[{"name":"wp","href":"https:\/\/api.w.org\/{rel}","templated":true}]}}